{"id":2433,"date":"2024-10-09T18:20:14","date_gmt":"2024-10-09T16:20:14","guid":{"rendered":"https:\/\/www.mallorcaperegrina.com\/legal\/"},"modified":"2025-01-29T10:41:00","modified_gmt":"2025-01-29T09:41:00","slug":"legal","status":"publish","type":"page","link":"https:\/\/www.mallorcaperegrina.com\/en\/legal\/","title":{"rendered":"Legal"},"content":{"rendered":"\t\t<div data-elementor-type=\"wp-page\" data-elementor-id=\"2433\" class=\"elementor elementor-2433 elementor-2424\" data-elementor-post-type=\"page\">\n\t\t\t\t\t\t<section class=\"elementor-section elementor-top-section elementor-element elementor-element-265cf05 elementor-section-boxed elementor-section-height-default elementor-section-height-default\" data-id=\"265cf05\" data-element_type=\"section\" data-e-type=\"section\" data-settings=\"{&quot;background_background&quot;:&quot;classic&quot;,&quot;shape_divider_bottom&quot;:&quot;curve&quot;,&quot;shape_divider_bottom_negative&quot;:&quot;yes&quot;,&quot;jet_parallax_layout_list&quot;:[]}\">\n\t\t\t\t\t\t\t<div class=\"elementor-background-overlay\"><\/div>\n\t\t\t\t\t\t<div class=\"elementor-shape elementor-shape-bottom\" aria-hidden=\"true\" data-negative=\"true\">\n\t\t\t<svg xmlns=\"http:\/\/www.w3.org\/2000\/svg\" viewBox=\"0 0 1000 100\" preserveAspectRatio=\"none\">\n\t<path class=\"elementor-shape-fill\" d=\"M500,97C126.7,96.3,0.8,19.8,0,0v100l1000,0V1C1000,19.4,873.3,97.8,500,97z\"\/>\n<\/svg>\t\t<\/div>\n\t\t\t\t\t<div class=\"elementor-container elementor-column-gap-default\">\n\t\t\t\t\t<div class=\"elementor-column elementor-col-100 elementor-top-column elementor-element elementor-element-5b8e14e\" data-id=\"5b8e14e\" data-element_type=\"column\" data-e-type=\"column\">\n\t\t\t<div class=\"elementor-widget-wrap elementor-element-populated\">\n\t\t\t\t\t\t<div class=\"elementor-element elementor-element-34e94a9 elementor-invisible elementor-widget elementor-widget-heading\" data-id=\"34e94a9\" data-element_type=\"widget\" data-e-type=\"widget\" data-settings=\"{&quot;_animation&quot;:&quot;fadeInUp&quot;}\" data-widget_type=\"heading.default\">\n\t\t\t\t<div class=\"elementor-widget-container\">\n\t\t\t\t\t<h1 class=\"elementor-heading-title elementor-size-default\">Legal<\/h1>\t\t\t\t<\/div>\n\t\t\t\t<\/div>\n\t\t\t\t\t<\/div>\n\t\t<\/div>\n\t\t\t\t\t<\/div>\n\t\t<\/section>\n\t\t<div class=\"elementor-element elementor-element-cc21bcf e-flex e-con-boxed e-con e-parent\" data-id=\"cc21bcf\" data-element_type=\"container\" data-e-type=\"container\" data-settings=\"{&quot;jet_parallax_layout_list&quot;:[]}\">\n\t\t\t\t\t<div class=\"e-con-inner\">\n\t\t\t\t<div class=\"elementor-element elementor-element-ca23fde elementor-widget elementor-widget-text-editor\" data-id=\"ca23fde\" data-element_type=\"widget\" data-e-type=\"widget\" data-widget_type=\"text-editor.default\">\n\t\t\t\t<div class=\"elementor-widget-container\">\n\t\t\t\t\t\t\t\t\t<p>In compliance with Article 10 of Law 34\/2002 on Information Society Services and Electronic Commerce, we inform users of our data:<\/p>\n<p><strong>Company name:<\/strong> Lucus Gesti\u00f3 d&#8217;Espais i Natural, S.L.<br \/><strong>Trade name:<\/strong> Pilgrimage through Majorca<br \/><strong>Registered Office:<\/strong> Pla\u00e7a dels Peregrins, 20, 07315 Escorca (Balearic Islands), Spain<br \/><strong>NIF:<\/strong> B57730236<br \/><strong>E-mail:<\/strong> <a rel=\"noopener\">erepbalears@gmail.com<\/a><br \/><strong>Phone:<\/strong> +34 696 991 066<br \/><strong>Web:<\/strong> <a href=\"http:\/\/www.mallorcaperegrina.com\" target=\"_new\" rel=\"noopener\">www.mallorcaperegrina.com<\/a><\/p>\n<h4>1. PURPOSE<\/h4>\n<p>Lucus Gesti\u00f3 d&#8217;Espais i Natural, S.L. (hereinafter, <strong>the provider<\/strong>) is responsible for the <a href=\"http:\/\/www.mallorcaperegrina.com\" target=\"_new\" rel=\"noopener\">www.mallorcaperegrina.com<\/a> website, which aims to offer information about Majorca, including directories of pilgrimages, pancaritats, paths and routes, celebrations, sanctuaries, elements of prayer and liturgical calendar.<\/p>\n<p>Through this website, the provider facilitates access to and use of various services and content to users (hereinafter, <strong>the user<\/strong>). Any person who accesses this website assumes the role of user, implying the total and unreserved acceptance of all the provisions included in this legal notice, as well as any other applicable legal provision. <\/p>\n<p>The user must read this Legal Notice carefully each time they access the website, as it may be modified. The provider reserves the right to modify any type of information that may appear on the website, without the obligation to notify users in advance, publication on the provider&#8217;s website being sufficient. <\/p>\n<h4>2. CONDITIONS OF ACCESS AND USE OF THE WEBSITE<\/h4>\n<p><strong>2.1. Car\u00e0cter gratu\u00eft de l&#8217;acc\u00e9s i \u00fas del web. <\/strong><br \/>Access to the services offered by Lucus Gesti\u00f3 d&#8217;Espais i Natural, S.L. is free for all users. However, some of the services provided by the provider through the website may be subject to a certain price. <\/p>\n<p><strong>2.2. Registre d&#8217;Usuari. <\/strong><br \/>In general, the provision of the services does not require the prior subscription or registration of the users. However, the provider conditions the use of some of the services to the prior completion of the corresponding user registration, which will be carried out in the manner expressly indicated in the corresponding section of the service. <\/p>\n<p><strong>2.3. Veracitat de la informaci\u00f3. <\/strong><br \/>The user guarantees that all the information provided is truthful and must be kept up to date. The user will be solely responsible for any false or inaccurate statements made and for any damage that may be caused to the provider or third parties. <\/p>\n<p><strong>2.4. Menors d&#8217;edat. <\/strong><br \/>Minors must obtain parental or guardian consent to use the Services. The responsibility for determining content accessible to minors lies with their legal guardians. <\/p>\n<p><strong>2.5. Obligaci\u00f3 de fer un \u00fas correcte del web. <\/strong><br \/>The user undertakes to use the website in accordance with the law and this Legal Notice, as well as with morality and good customs. It must not be used illegally or prohibitively harmful to third parties. <\/p>\n<h4>3. EXCLUSION OF WARRANTIES AND LIABILITY<\/h4>\n<p>The provider is not responsible for any type of liability arising from the information published on the website, provided that this information has been manipulated or introduced by an external third party.<\/p>\n<p>Despite the provider&#8217;s efforts to ensure the correct functioning of the website, programming errors or other circumstances that may hinder access to the website cannot be excluded.<\/p>\n<p>Lucus Gesti\u00f3 d&#8217;Espais i Natural, S.L. does not grant any guarantee nor is it responsible for any damages that may arise from the lack of availability, maintenance and effective operation of the website, as well as the existence of viruses or other malicious software.<\/p>\n<h4>4. COOKIES<\/h4>\n<p>The provider&#8217;s website may use cookies to determine certain functions considered essential for the proper functioning of the site. The cookies used are temporary and do not collect personal information. For more information, see our Cookies Policy.  <\/p>\n<h4>5. LINKS<\/h4>\n<p>The website may contain links to third-party content. Lucus Gesti\u00f3 d&#8217;Espais i Natural, S.L. does not assume any responsibility for the contents of these pages nor does it guarantee their integrity. The user assumes responsibility for their browsing and use of the linked contents.  <\/p>\n<h4>6. PROTECTION OF PERSONAL DATA<\/h4>\n<p>The provider is committed to personal data protection regulations and guarantees compliance with the obligations set out in the European Data Protection Regulation and Spanish data protection regulations. For more information, see our Privacy Policy. <\/p>\n<h4>7. INTELLECTUAL AND INDUSTRIAL PROPERTY<\/h4>\n<p>All the contents of the website, including but not limited to programming, editing, compilation, designs, logos, texts, photographs and graphics are the property of the provider or have the express license or authorization of the authors. Any previously unauthorised use will be considered a breach of intellectual or industrial property rights. <\/p>\n<h4>8. APPLICABLE LAW AND JURISDICTION<\/h4>\n<p>For the resolution of disputes related to this website, Spanish legislation will apply, to which the parties expressly submit. The courts and tribunals of the user&#8217;s domicile will be competent to resolve any conflict arising from the use of this website. <\/p>\n\t\t\t\t\t\t\t\t<\/div>\n\t\t\t\t<\/div>\n\t\t\t\t\t<\/div>\n\t\t\t\t<\/div>\n\t\t\t\t<\/div>\n\t\t","protected":false},"excerpt":{"rendered":"<p>In compliance with Article 10 of Law 34\/2002 on Information Society Services and Electronic Commerce, we inform users of our data: Company name: Lucus Gesti\u00f3 d&#8217;Espais i Natural, S.L.Trade name: Pilgrimage through MajorcaRegistered Office: Pla\u00e7a dels Peregrins, 20, 07315 Escorca (Balearic Islands), SpainNIF: B57730236E-mail: erepbalears@gmail.comPhone: +34 696 991 066Web: www.mallorcaperegrina.com 1. PURPOSE Lucus Gesti\u00f3 d&#8217;Espais [&hellip;]<\/p>\n","protected":false},"author":1,"featured_media":0,"parent":0,"menu_order":0,"comment_status":"closed","ping_status":"closed","template":"","meta":{"footnotes":""},"class_list":["post-2433","page","type-page","status-publish","hentry"],"yoast_head":"<!-- This site is optimized with the Yoast SEO plugin v27.3 - https:\/\/yoast.com\/product\/yoast-seo-wordpress\/ -->\n<title>Legal - Mallorca Peregrina<\/title>\n<meta name=\"description\" content=\"Legal notice, detailing the conditions of use, data protection and cookies. Stay informed about our terms and policies.\" \/>\n<meta name=\"robots\" content=\"index, follow, max-snippet:-1, max-image-preview:large, max-video-preview:-1\" \/>\n<link rel=\"canonical\" href=\"https:\/\/www.mallorcaperegrina.com\/en\/legal\/\" \/>\n<meta property=\"og:locale\" content=\"en_US\" \/>\n<meta property=\"og:type\" content=\"article\" \/>\n<meta property=\"og:title\" content=\"Legal - Mallorca Peregrina\" \/>\n<meta property=\"og:description\" content=\"Legal notice, detailing the conditions of use, data protection and cookies. Stay informed about our terms and policies.\" \/>\n<meta property=\"og:url\" content=\"https:\/\/www.mallorcaperegrina.com\/en\/legal\/\" \/>\n<meta property=\"og:site_name\" content=\"Mallorca Peregrina\" \/>\n<meta property=\"article:modified_time\" content=\"2025-01-29T09:41:00+00:00\" \/>\n<meta property=\"og:image\" content=\"https:\/\/www.mallorcaperegrina.com\/wp-content\/uploads\/2024\/10\/mallorca-2900536_1600.jpg\" \/>\n\t<meta property=\"og:image:width\" content=\"2400\" \/>\n\t<meta property=\"og:image:height\" content=\"1600\" \/>\n\t<meta property=\"og:image:type\" content=\"image\/jpeg\" \/>\n<meta name=\"twitter:card\" content=\"summary_large_image\" \/>\n<script type=\"application\/ld+json\" class=\"yoast-schema-graph\">{\"@context\":\"https:\\\/\\\/schema.org\",\"@graph\":[{\"@type\":\"WebPage\",\"@id\":\"https:\\\/\\\/www.mallorcaperegrina.com\\\/en\\\/legal\\\/\",\"url\":\"https:\\\/\\\/www.mallorcaperegrina.com\\\/en\\\/legal\\\/\",\"name\":\"Legal - Mallorca Peregrina\",\"isPartOf\":{\"@id\":\"https:\\\/\\\/www.mallorcaperegrina.com\\\/en\\\/#website\"},\"datePublished\":\"2024-10-09T16:20:14+00:00\",\"dateModified\":\"2025-01-29T09:41:00+00:00\",\"description\":\"Legal notice, detailing the conditions of use, data protection and cookies. Stay informed about our terms and policies.\",\"breadcrumb\":{\"@id\":\"https:\\\/\\\/www.mallorcaperegrina.com\\\/en\\\/legal\\\/#breadcrumb\"},\"inLanguage\":\"en-US\",\"potentialAction\":[{\"@type\":\"ReadAction\",\"target\":[\"https:\\\/\\\/www.mallorcaperegrina.com\\\/en\\\/legal\\\/\"]}]},{\"@type\":\"BreadcrumbList\",\"@id\":\"https:\\\/\\\/www.mallorcaperegrina.com\\\/en\\\/legal\\\/#breadcrumb\",\"itemListElement\":[{\"@type\":\"ListItem\",\"position\":1,\"name\":\"Home\",\"item\":\"https:\\\/\\\/www.mallorcaperegrina.com\\\/en\\\/home\\\/\"},{\"@type\":\"ListItem\",\"position\":2,\"name\":\"Legal\"}]},{\"@type\":\"WebSite\",\"@id\":\"https:\\\/\\\/www.mallorcaperegrina.com\\\/en\\\/#website\",\"url\":\"https:\\\/\\\/www.mallorcaperegrina.com\\\/en\\\/\",\"name\":\"Mallorca Peregrina\",\"description\":\"Peregrinant per Mallorca\",\"publisher\":{\"@id\":\"https:\\\/\\\/www.mallorcaperegrina.com\\\/en\\\/#organization\"},\"alternateName\":\"Mallorca Peregrina\",\"potentialAction\":[{\"@type\":\"SearchAction\",\"target\":{\"@type\":\"EntryPoint\",\"urlTemplate\":\"https:\\\/\\\/www.mallorcaperegrina.com\\\/en\\\/?s={search_term_string}\"},\"query-input\":{\"@type\":\"PropertyValueSpecification\",\"valueRequired\":true,\"valueName\":\"search_term_string\"}}],\"inLanguage\":\"en-US\"},{\"@type\":\"Organization\",\"@id\":\"https:\\\/\\\/www.mallorcaperegrina.com\\\/en\\\/#organization\",\"name\":\"Mallorca Peregrina\",\"alternateName\":\"Mallorca Peregrina\",\"url\":\"https:\\\/\\\/www.mallorcaperegrina.com\\\/en\\\/\",\"logo\":{\"@type\":\"ImageObject\",\"inLanguage\":\"en-US\",\"@id\":\"https:\\\/\\\/www.mallorcaperegrina.com\\\/en\\\/#\\\/schema\\\/logo\\\/image\\\/\",\"url\":\"https:\\\/\\\/www.mallorcaperegrina.com\\\/wp-content\\\/uploads\\\/2024\\\/10\\\/favicon-mallorcaperegrina.png\",\"contentUrl\":\"https:\\\/\\\/www.mallorcaperegrina.com\\\/wp-content\\\/uploads\\\/2024\\\/10\\\/favicon-mallorcaperegrina.png\",\"width\":1600,\"height\":1600,\"caption\":\"Mallorca Peregrina\"},\"image\":{\"@id\":\"https:\\\/\\\/www.mallorcaperegrina.com\\\/en\\\/#\\\/schema\\\/logo\\\/image\\\/\"}}]}<\/script>\n<!-- \/ Yoast SEO plugin. -->","yoast_head_json":{"title":"Legal - Mallorca Peregrina","description":"Legal notice, detailing the conditions of use, data protection and cookies. Stay informed about our terms and policies.","robots":{"index":"index","follow":"follow","max-snippet":"max-snippet:-1","max-image-preview":"max-image-preview:large","max-video-preview":"max-video-preview:-1"},"canonical":"https:\/\/www.mallorcaperegrina.com\/en\/legal\/","og_locale":"en_US","og_type":"article","og_title":"Legal - Mallorca Peregrina","og_description":"Legal notice, detailing the conditions of use, data protection and cookies. Stay informed about our terms and policies.","og_url":"https:\/\/www.mallorcaperegrina.com\/en\/legal\/","og_site_name":"Mallorca Peregrina","article_modified_time":"2025-01-29T09:41:00+00:00","og_image":[{"width":2400,"height":1600,"url":"https:\/\/www.mallorcaperegrina.com\/wp-content\/uploads\/2024\/10\/mallorca-2900536_1600.jpg","type":"image\/jpeg"}],"twitter_card":"summary_large_image","schema":{"@context":"https:\/\/schema.org","@graph":[{"@type":"WebPage","@id":"https:\/\/www.mallorcaperegrina.com\/en\/legal\/","url":"https:\/\/www.mallorcaperegrina.com\/en\/legal\/","name":"Legal - Mallorca Peregrina","isPartOf":{"@id":"https:\/\/www.mallorcaperegrina.com\/en\/#website"},"datePublished":"2024-10-09T16:20:14+00:00","dateModified":"2025-01-29T09:41:00+00:00","description":"Legal notice, detailing the conditions of use, data protection and cookies. Stay informed about our terms and policies.","breadcrumb":{"@id":"https:\/\/www.mallorcaperegrina.com\/en\/legal\/#breadcrumb"},"inLanguage":"en-US","potentialAction":[{"@type":"ReadAction","target":["https:\/\/www.mallorcaperegrina.com\/en\/legal\/"]}]},{"@type":"BreadcrumbList","@id":"https:\/\/www.mallorcaperegrina.com\/en\/legal\/#breadcrumb","itemListElement":[{"@type":"ListItem","position":1,"name":"Home","item":"https:\/\/www.mallorcaperegrina.com\/en\/home\/"},{"@type":"ListItem","position":2,"name":"Legal"}]},{"@type":"WebSite","@id":"https:\/\/www.mallorcaperegrina.com\/en\/#website","url":"https:\/\/www.mallorcaperegrina.com\/en\/","name":"Mallorca Peregrina","description":"Peregrinant per Mallorca","publisher":{"@id":"https:\/\/www.mallorcaperegrina.com\/en\/#organization"},"alternateName":"Mallorca Peregrina","potentialAction":[{"@type":"SearchAction","target":{"@type":"EntryPoint","urlTemplate":"https:\/\/www.mallorcaperegrina.com\/en\/?s={search_term_string}"},"query-input":{"@type":"PropertyValueSpecification","valueRequired":true,"valueName":"search_term_string"}}],"inLanguage":"en-US"},{"@type":"Organization","@id":"https:\/\/www.mallorcaperegrina.com\/en\/#organization","name":"Mallorca Peregrina","alternateName":"Mallorca Peregrina","url":"https:\/\/www.mallorcaperegrina.com\/en\/","logo":{"@type":"ImageObject","inLanguage":"en-US","@id":"https:\/\/www.mallorcaperegrina.com\/en\/#\/schema\/logo\/image\/","url":"https:\/\/www.mallorcaperegrina.com\/wp-content\/uploads\/2024\/10\/favicon-mallorcaperegrina.png","contentUrl":"https:\/\/www.mallorcaperegrina.com\/wp-content\/uploads\/2024\/10\/favicon-mallorcaperegrina.png","width":1600,"height":1600,"caption":"Mallorca Peregrina"},"image":{"@id":"https:\/\/www.mallorcaperegrina.com\/en\/#\/schema\/logo\/image\/"}}]}},"_links":{"self":[{"href":"https:\/\/www.mallorcaperegrina.com\/en\/wp-json\/wp\/v2\/pages\/2433","targetHints":{"allow":["GET"]}}],"collection":[{"href":"https:\/\/www.mallorcaperegrina.com\/en\/wp-json\/wp\/v2\/pages"}],"about":[{"href":"https:\/\/www.mallorcaperegrina.com\/en\/wp-json\/wp\/v2\/types\/page"}],"author":[{"embeddable":true,"href":"https:\/\/www.mallorcaperegrina.com\/en\/wp-json\/wp\/v2\/users\/1"}],"replies":[{"embeddable":true,"href":"https:\/\/www.mallorcaperegrina.com\/en\/wp-json\/wp\/v2\/comments?post=2433"}],"version-history":[{"count":0,"href":"https:\/\/www.mallorcaperegrina.com\/en\/wp-json\/wp\/v2\/pages\/2433\/revisions"}],"wp:attachment":[{"href":"https:\/\/www.mallorcaperegrina.com\/en\/wp-json\/wp\/v2\/media?parent=2433"}],"curies":[{"name":"wp","href":"https:\/\/api.w.org\/{rel}","templated":true}]}}