{"id":2431,"date":"2024-10-09T18:20:14","date_gmt":"2024-10-09T16:20:14","guid":{"rendered":"https:\/\/www.mallorcaperegrina.com\/aviso-legal\/"},"modified":"2025-01-29T10:41:00","modified_gmt":"2025-01-29T09:41:00","slug":"aviso-legal","status":"publish","type":"page","link":"https:\/\/www.mallorcaperegrina.com\/es\/aviso-legal\/","title":{"rendered":"Aviso legal"},"content":{"rendered":"\t\t<div data-elementor-type=\"wp-page\" data-elementor-id=\"2431\" class=\"elementor elementor-2431 elementor-2424\" data-elementor-post-type=\"page\">\n\t\t\t\t\t\t<section class=\"elementor-section elementor-top-section elementor-element elementor-element-265cf05 elementor-section-boxed elementor-section-height-default elementor-section-height-default\" data-id=\"265cf05\" data-element_type=\"section\" data-e-type=\"section\" data-settings=\"{&quot;background_background&quot;:&quot;classic&quot;,&quot;shape_divider_bottom&quot;:&quot;curve&quot;,&quot;shape_divider_bottom_negative&quot;:&quot;yes&quot;,&quot;jet_parallax_layout_list&quot;:[]}\">\n\t\t\t\t\t\t\t<div class=\"elementor-background-overlay\"><\/div>\n\t\t\t\t\t\t<div class=\"elementor-shape elementor-shape-bottom\" aria-hidden=\"true\" data-negative=\"true\">\n\t\t\t<svg xmlns=\"http:\/\/www.w3.org\/2000\/svg\" viewBox=\"0 0 1000 100\" preserveAspectRatio=\"none\">\n\t<path class=\"elementor-shape-fill\" d=\"M500,97C126.7,96.3,0.8,19.8,0,0v100l1000,0V1C1000,19.4,873.3,97.8,500,97z\"\/>\n<\/svg>\t\t<\/div>\n\t\t\t\t\t<div class=\"elementor-container elementor-column-gap-default\">\n\t\t\t\t\t<div class=\"elementor-column elementor-col-100 elementor-top-column elementor-element elementor-element-5b8e14e\" data-id=\"5b8e14e\" data-element_type=\"column\" data-e-type=\"column\">\n\t\t\t<div class=\"elementor-widget-wrap elementor-element-populated\">\n\t\t\t\t\t\t<div class=\"elementor-element elementor-element-34e94a9 elementor-invisible elementor-widget elementor-widget-heading\" data-id=\"34e94a9\" data-element_type=\"widget\" data-e-type=\"widget\" data-settings=\"{&quot;_animation&quot;:&quot;fadeInUp&quot;}\" data-widget_type=\"heading.default\">\n\t\t\t\t<div class=\"elementor-widget-container\">\n\t\t\t\t\t<h1 class=\"elementor-heading-title elementor-size-default\">Aviso legal<\/h1>\t\t\t\t<\/div>\n\t\t\t\t<\/div>\n\t\t\t\t\t<\/div>\n\t\t<\/div>\n\t\t\t\t\t<\/div>\n\t\t<\/section>\n\t\t<div class=\"elementor-element elementor-element-cc21bcf e-flex e-con-boxed e-con e-parent\" data-id=\"cc21bcf\" data-element_type=\"container\" data-e-type=\"container\" data-settings=\"{&quot;jet_parallax_layout_list&quot;:[]}\">\n\t\t\t\t\t<div class=\"e-con-inner\">\n\t\t\t\t<div class=\"elementor-element elementor-element-ca23fde elementor-widget elementor-widget-text-editor\" data-id=\"ca23fde\" data-element_type=\"widget\" data-e-type=\"widget\" data-widget_type=\"text-editor.default\">\n\t\t\t\t<div class=\"elementor-widget-container\">\n\t\t\t\t\t\t\t\t\t<p>En cumplimiento del art\u00edculo 10 de la Ley 34\/2002 de Servicios de la Sociedad de la Informaci\u00f3n y del Comercio Electr\u00f3nico, informamos a los usuarios de nuestros datos:<\/p>\n<p><strong>Denominaci\u00f3n Social:<\/strong> Lucus Gesti\u00f3 d&#8217;Espais i Natura, S.L.<br \/><strong>Nombre comercial:<\/strong> Peregrinando por Mallorca<br \/><strong>Domicilio Social:<\/strong> Plaza de los Peregrinos, 20, 07315 Escorca (Islas Baleares), Espa\u00f1a<br \/><strong>NIF:<\/strong> B57730236<br \/><strong>E-Mail:<\/strong> <a rel=\"noopener\">erepbalears@gmail.com<\/a><br \/><strong>Tel\u00e9fono:<\/strong> +34 696 991 066<br \/><strong>Web:<\/strong> <a href=\"http:\/\/www.mallorcaperegrina.com\" target=\"_new\" rel=\"noopener\">www.mallorcaperegrina.com<\/a><\/p>\n<h4>1. OBJETO<\/h4>\n<p>Lucus Gesti\u00f3 d&#8217;Espais i Natural, S.L. (en adelante, <strong>el prestador<\/strong>) es responsable del sitio web <a href=\"http:\/\/www.mallorcaperegrina.com\" target=\"_new\" rel=\"noopener\">www.mallorcaperegrina.com<\/a>, que tiene como finalidad ofrecer informaci\u00f3n sobre Mallorca, incluyendo directorios de romer\u00edas, pancaridades, caminos y rutas, celebraciones, santuarios, elementos de plegaria y calendario lit\u00fargico.<\/p>\n<p>A trav\u00e9s de este sitio web, el prestador facilita el acceso y la utilizaci\u00f3n de diversos servicios y contenidos a los usuarios (en adelante, <strong>el usuario<\/strong>). Toda persona que acceda a esta web asume el papel de usuario, implicando la aceptaci\u00f3n total y sin reservas de todas las disposiciones incluidas en este aviso legal, as\u00ed como cualquier otra disposici\u00f3n legal de aplicaci\u00f3n. <\/p>\n<p>El usuario deber\u00e1 leer atentamente este Aviso Legal cada vez que acceda a la web, ya que puede sufrir modificaciones. El prestador se reserva el derecho a modificar cualquier tipo de informaci\u00f3n que pueda aparecer en la web, sin la obligaci\u00f3n de preavisar a los usuarios, siendo suficiente la publicaci\u00f3n en el sitio web del prestador. <\/p>\n<h4>2. CONDICIONES DE ACCESO Y USO DE LA WEB<\/h4>\n<p><strong>2.1. Car\u00e1cter gratuito del acceso y uso de la web.<\/strong><br \/>El acceso a los servicios ofrecidos por Lucus Gesti\u00f3n de Espacios y Natural, S.L. es gratuito para todos los usuarios. No obstante, algunos de los servicios suministrados por el prestador a trav\u00e9s de la web pueden estar sujetos a un precio determinado. <\/p>\n<p><strong>2.2. Registre d&#8217;Usuari. <\/strong><br \/>En general, la prestaci\u00f3n de los servicios no exige la previa suscripci\u00f3n o registro de los usuarios. No obstante, el prestador condiciona el uso de algunos de los servicios a la previa complementaci\u00f3n del correspondiente registro de usuario, que se efectuar\u00e1 en la forma expresamente indicada en la secci\u00f3n correspondiente del servicio. <\/p>\n<p><strong>2.3. Veracidad de la informaci\u00f3n.<\/strong><br \/>El usuario garantiza que toda la informaci\u00f3n facilitada es veraz y debe mantenerse actualizada. El usuario ser\u00e1 el \u00fanico responsable de las manifestaciones falsas o inexactas que realice y de los perjuicios que pueda causar al prestador o a terceros. <\/p>\n<p><strong>2.4. Menors d&#8217;edat. <\/strong><br \/>Los menores de edad deben obtener el consentimiento de los padres o tutores para utilizar los servicios. La responsabilidad de la determinaci\u00f3n de contenidos accesibles a los menores recae sobre sus responsables legales. <\/p>\n<p><strong>2.5. Obligaci\u00f3 de fer un \u00fas correcte del web. <\/strong><br \/>El usuario se compromete a utilizar la web de acuerdo con la ley y este Aviso Legal, as\u00ed como con la moral y las buenas costumbres. No se debe hacer un uso il\u00edcito o prohibidamente perjudicial para terceros. <\/p>\n<h4>3. EXCLUSI\u00d3N DE GARANT\u00cdAS Y RESPONSABILIDAD<\/h4>\n<p>El prestador no se hace responsable de cualquier tipo de responsabilidad derivada de la informaci\u00f3n publicada en la web, siempre que esta informaci\u00f3n haya sido manipulada o introducida por un tercero ajeno.<\/p>\n<p>A pesar de los esfuerzos del prestador para garantizar el correcto funcionamiento de la web, no se pueden excluir errores de programaci\u00f3n ni otras circunstancias que puedan dificultar el acceso al sitio web.<\/p>\n<p>Lucus Gesti\u00f3n de Espacios y Natura, S.L. no otorga ninguna garant\u00eda ni se hace responsable de los da\u00f1os que puedan derivar de la falta de disponibilidad, mantenimiento y efectivo funcionamiento de la web, as\u00ed como de la existencia de virus u otros softwares maliciosos.<\/p>\n<h4>4. COOKIES<\/h4>\n<p>El sitio web del prestador puede utilizar cookies para determinar determinadas funciones consideradas imprescindibles para el correcto funcionamiento del sitio. Las cookies utilizadas son temporales y no recogen informaci\u00f3n de car\u00e1cter personal.  Para m\u00e1s informaci\u00f3n, ver nuestra Pol\u00edtica de Cookies.<\/p>\n<h4>5. ENLACES (LINKS)<\/h4>\n<p>El sitio web puede contener enlaces a contenidos de terceros. Lucus Gesti\u00f3n de Espacios y Natura, S.L. no asume ninguna responsabilidad respecto a los contenidos de estas p\u00e1ginas ni garantiza su integridad. El usuario asume la responsabilidad de su navegaci\u00f3n y el uso de los contenidos enlazados.  <\/p>\n<h4>6. PROTECCI\u00d3N DE DATOS PERSONALES<\/h4>\n<p>El prestador est\u00e1 comprometido con la normativa de protecci\u00f3n de datos personales y garantiza el cumplimiento de las obligaciones dispuestas por el Reglamento Europeo de Protecci\u00f3n de Datos y la normativa espa\u00f1ola de protecci\u00f3n de datos. Para m\u00e1s informaci\u00f3n, v\u00e9ase nuestra Pol\u00edtica de Privacidad. <\/p>\n<h4>7. PROPIEDAD INTELECTUAL E INDUSTRIAL<\/h4>\n<p>Todos los contenidos del sitio web, incluyendo pero no limit\u00e1ndose a la programaci\u00f3n, edici\u00f3n, compilaci\u00f3n, dise\u00f1os, logotipos, textos, fotograf\u00edas y gr\u00e1ficos son propiedad del prestador o disponen de la licencia o autorizaci\u00f3n expresa de los autores. Cualquier uso no autorizado previamente ser\u00e1 considerado un incumplimiento de los derechos de propiedad intelectual o industrial. <\/p>\n<h4>8. LEY APLICABLE Y JURISDICCI\u00d3N<\/h4>\n<p>Para la resoluci\u00f3n de controversias relacionadas con la presente p\u00e1gina web, ser\u00e1 de aplicaci\u00f3n la legislaci\u00f3n espa\u00f1ola, a la que se someten expresamente las partes. Los juzgados y tribunales del domicilio del usuario ser\u00e1n competentes para resolver cualquier conflicto derivado del uso de este sitio web. <\/p>\n\t\t\t\t\t\t\t\t<\/div>\n\t\t\t\t<\/div>\n\t\t\t\t\t<\/div>\n\t\t\t\t<\/div>\n\t\t\t\t<\/div>\n\t\t","protected":false},"excerpt":{"rendered":"<p>En cumplimiento del art\u00edculo 10 de la Ley 34\/2002 de Servicios de la Sociedad de la Informaci\u00f3n y del Comercio Electr\u00f3nico, informamos a los usuarios de nuestros datos: Denominaci\u00f3n Social: Lucus Gesti\u00f3 d&#8217;Espais i Natura, S.L.Nombre comercial: Peregrinando por MallorcaDomicilio Social: Plaza de los Peregrinos, 20, 07315 Escorca (Islas Baleares), Espa\u00f1aNIF: B57730236E-Mail: erepbalears@gmail.comTel\u00e9fono: +34 696 [&hellip;]<\/p>\n","protected":false},"author":1,"featured_media":0,"parent":0,"menu_order":0,"comment_status":"closed","ping_status":"closed","template":"","meta":{"footnotes":""},"class_list":["post-2431","page","type-page","status-publish","hentry"],"yoast_head":"<!-- This site is optimized with the Yoast SEO plugin v27.3 - https:\/\/yoast.com\/product\/yoast-seo-wordpress\/ -->\n<title>Aviso legal - Mallorca Peregrina<\/title>\n<meta name=\"description\" content=\"Aviso legal, donde se detallan las condiciones de uso, protecci\u00f3n de datos y cookies. Mantente informado sobre nuestros t\u00e9rminos y pol\u00edticas.\" \/>\n<meta name=\"robots\" content=\"index, follow, max-snippet:-1, max-image-preview:large, max-video-preview:-1\" \/>\n<link rel=\"canonical\" href=\"https:\/\/www.mallorcaperegrina.com\/es\/aviso-legal\/\" \/>\n<meta property=\"og:locale\" content=\"es_ES\" \/>\n<meta property=\"og:type\" content=\"article\" \/>\n<meta property=\"og:title\" content=\"Aviso legal - Mallorca Peregrina\" \/>\n<meta property=\"og:description\" content=\"Aviso legal, donde se detallan las condiciones de uso, protecci\u00f3n de datos y cookies. Mantente informado sobre nuestros t\u00e9rminos y pol\u00edticas.\" \/>\n<meta property=\"og:url\" content=\"https:\/\/www.mallorcaperegrina.com\/es\/aviso-legal\/\" \/>\n<meta property=\"og:site_name\" content=\"Mallorca Peregrina\" \/>\n<meta property=\"article:modified_time\" content=\"2025-01-29T09:41:00+00:00\" \/>\n<meta property=\"og:image\" content=\"https:\/\/www.mallorcaperegrina.com\/wp-content\/uploads\/2024\/10\/mallorca-2900536_1600.jpg\" \/>\n\t<meta property=\"og:image:width\" content=\"2400\" \/>\n\t<meta property=\"og:image:height\" content=\"1600\" \/>\n\t<meta property=\"og:image:type\" content=\"image\/jpeg\" \/>\n<meta name=\"twitter:card\" content=\"summary_large_image\" \/>\n<script type=\"application\/ld+json\" class=\"yoast-schema-graph\">{\"@context\":\"https:\\\/\\\/schema.org\",\"@graph\":[{\"@type\":\"WebPage\",\"@id\":\"https:\\\/\\\/www.mallorcaperegrina.com\\\/es\\\/aviso-legal\\\/\",\"url\":\"https:\\\/\\\/www.mallorcaperegrina.com\\\/es\\\/aviso-legal\\\/\",\"name\":\"Aviso legal - Mallorca Peregrina\",\"isPartOf\":{\"@id\":\"https:\\\/\\\/www.mallorcaperegrina.com\\\/es\\\/#website\"},\"datePublished\":\"2024-10-09T16:20:14+00:00\",\"dateModified\":\"2025-01-29T09:41:00+00:00\",\"description\":\"Aviso legal, donde se detallan las condiciones de uso, protecci\u00f3n de datos y cookies. Mantente informado sobre nuestros t\u00e9rminos y pol\u00edticas.\",\"breadcrumb\":{\"@id\":\"https:\\\/\\\/www.mallorcaperegrina.com\\\/es\\\/aviso-legal\\\/#breadcrumb\"},\"inLanguage\":\"es\",\"potentialAction\":[{\"@type\":\"ReadAction\",\"target\":[\"https:\\\/\\\/www.mallorcaperegrina.com\\\/es\\\/aviso-legal\\\/\"]}]},{\"@type\":\"BreadcrumbList\",\"@id\":\"https:\\\/\\\/www.mallorcaperegrina.com\\\/es\\\/aviso-legal\\\/#breadcrumb\",\"itemListElement\":[{\"@type\":\"ListItem\",\"position\":1,\"name\":\"Home\",\"item\":\"https:\\\/\\\/www.mallorcaperegrina.com\\\/es\\\/inicio\\\/\"},{\"@type\":\"ListItem\",\"position\":2,\"name\":\"Aviso legal\"}]},{\"@type\":\"WebSite\",\"@id\":\"https:\\\/\\\/www.mallorcaperegrina.com\\\/es\\\/#website\",\"url\":\"https:\\\/\\\/www.mallorcaperegrina.com\\\/es\\\/\",\"name\":\"Mallorca Peregrina\",\"description\":\"Peregrinant per Mallorca\",\"publisher\":{\"@id\":\"https:\\\/\\\/www.mallorcaperegrina.com\\\/es\\\/#organization\"},\"alternateName\":\"Mallorca Peregrina\",\"potentialAction\":[{\"@type\":\"SearchAction\",\"target\":{\"@type\":\"EntryPoint\",\"urlTemplate\":\"https:\\\/\\\/www.mallorcaperegrina.com\\\/es\\\/?s={search_term_string}\"},\"query-input\":{\"@type\":\"PropertyValueSpecification\",\"valueRequired\":true,\"valueName\":\"search_term_string\"}}],\"inLanguage\":\"es\"},{\"@type\":\"Organization\",\"@id\":\"https:\\\/\\\/www.mallorcaperegrina.com\\\/es\\\/#organization\",\"name\":\"Mallorca Peregrina\",\"alternateName\":\"Mallorca Peregrina\",\"url\":\"https:\\\/\\\/www.mallorcaperegrina.com\\\/es\\\/\",\"logo\":{\"@type\":\"ImageObject\",\"inLanguage\":\"es\",\"@id\":\"https:\\\/\\\/www.mallorcaperegrina.com\\\/es\\\/#\\\/schema\\\/logo\\\/image\\\/\",\"url\":\"https:\\\/\\\/www.mallorcaperegrina.com\\\/wp-content\\\/uploads\\\/2024\\\/10\\\/favicon-mallorcaperegrina.png\",\"contentUrl\":\"https:\\\/\\\/www.mallorcaperegrina.com\\\/wp-content\\\/uploads\\\/2024\\\/10\\\/favicon-mallorcaperegrina.png\",\"width\":1600,\"height\":1600,\"caption\":\"Mallorca Peregrina\"},\"image\":{\"@id\":\"https:\\\/\\\/www.mallorcaperegrina.com\\\/es\\\/#\\\/schema\\\/logo\\\/image\\\/\"}}]}<\/script>\n<!-- \/ Yoast SEO plugin. -->","yoast_head_json":{"title":"Aviso legal - Mallorca Peregrina","description":"Aviso legal, donde se detallan las condiciones de uso, protecci\u00f3n de datos y cookies. Mantente informado sobre nuestros t\u00e9rminos y pol\u00edticas.","robots":{"index":"index","follow":"follow","max-snippet":"max-snippet:-1","max-image-preview":"max-image-preview:large","max-video-preview":"max-video-preview:-1"},"canonical":"https:\/\/www.mallorcaperegrina.com\/es\/aviso-legal\/","og_locale":"es_ES","og_type":"article","og_title":"Aviso legal - Mallorca Peregrina","og_description":"Aviso legal, donde se detallan las condiciones de uso, protecci\u00f3n de datos y cookies. Mantente informado sobre nuestros t\u00e9rminos y pol\u00edticas.","og_url":"https:\/\/www.mallorcaperegrina.com\/es\/aviso-legal\/","og_site_name":"Mallorca Peregrina","article_modified_time":"2025-01-29T09:41:00+00:00","og_image":[{"width":2400,"height":1600,"url":"https:\/\/www.mallorcaperegrina.com\/wp-content\/uploads\/2024\/10\/mallorca-2900536_1600.jpg","type":"image\/jpeg"}],"twitter_card":"summary_large_image","schema":{"@context":"https:\/\/schema.org","@graph":[{"@type":"WebPage","@id":"https:\/\/www.mallorcaperegrina.com\/es\/aviso-legal\/","url":"https:\/\/www.mallorcaperegrina.com\/es\/aviso-legal\/","name":"Aviso legal - Mallorca Peregrina","isPartOf":{"@id":"https:\/\/www.mallorcaperegrina.com\/es\/#website"},"datePublished":"2024-10-09T16:20:14+00:00","dateModified":"2025-01-29T09:41:00+00:00","description":"Aviso legal, donde se detallan las condiciones de uso, protecci\u00f3n de datos y cookies. Mantente informado sobre nuestros t\u00e9rminos y pol\u00edticas.","breadcrumb":{"@id":"https:\/\/www.mallorcaperegrina.com\/es\/aviso-legal\/#breadcrumb"},"inLanguage":"es","potentialAction":[{"@type":"ReadAction","target":["https:\/\/www.mallorcaperegrina.com\/es\/aviso-legal\/"]}]},{"@type":"BreadcrumbList","@id":"https:\/\/www.mallorcaperegrina.com\/es\/aviso-legal\/#breadcrumb","itemListElement":[{"@type":"ListItem","position":1,"name":"Home","item":"https:\/\/www.mallorcaperegrina.com\/es\/inicio\/"},{"@type":"ListItem","position":2,"name":"Aviso legal"}]},{"@type":"WebSite","@id":"https:\/\/www.mallorcaperegrina.com\/es\/#website","url":"https:\/\/www.mallorcaperegrina.com\/es\/","name":"Mallorca Peregrina","description":"Peregrinant per Mallorca","publisher":{"@id":"https:\/\/www.mallorcaperegrina.com\/es\/#organization"},"alternateName":"Mallorca Peregrina","potentialAction":[{"@type":"SearchAction","target":{"@type":"EntryPoint","urlTemplate":"https:\/\/www.mallorcaperegrina.com\/es\/?s={search_term_string}"},"query-input":{"@type":"PropertyValueSpecification","valueRequired":true,"valueName":"search_term_string"}}],"inLanguage":"es"},{"@type":"Organization","@id":"https:\/\/www.mallorcaperegrina.com\/es\/#organization","name":"Mallorca Peregrina","alternateName":"Mallorca Peregrina","url":"https:\/\/www.mallorcaperegrina.com\/es\/","logo":{"@type":"ImageObject","inLanguage":"es","@id":"https:\/\/www.mallorcaperegrina.com\/es\/#\/schema\/logo\/image\/","url":"https:\/\/www.mallorcaperegrina.com\/wp-content\/uploads\/2024\/10\/favicon-mallorcaperegrina.png","contentUrl":"https:\/\/www.mallorcaperegrina.com\/wp-content\/uploads\/2024\/10\/favicon-mallorcaperegrina.png","width":1600,"height":1600,"caption":"Mallorca Peregrina"},"image":{"@id":"https:\/\/www.mallorcaperegrina.com\/es\/#\/schema\/logo\/image\/"}}]}},"_links":{"self":[{"href":"https:\/\/www.mallorcaperegrina.com\/es\/wp-json\/wp\/v2\/pages\/2431","targetHints":{"allow":["GET"]}}],"collection":[{"href":"https:\/\/www.mallorcaperegrina.com\/es\/wp-json\/wp\/v2\/pages"}],"about":[{"href":"https:\/\/www.mallorcaperegrina.com\/es\/wp-json\/wp\/v2\/types\/page"}],"author":[{"embeddable":true,"href":"https:\/\/www.mallorcaperegrina.com\/es\/wp-json\/wp\/v2\/users\/1"}],"replies":[{"embeddable":true,"href":"https:\/\/www.mallorcaperegrina.com\/es\/wp-json\/wp\/v2\/comments?post=2431"}],"version-history":[{"count":0,"href":"https:\/\/www.mallorcaperegrina.com\/es\/wp-json\/wp\/v2\/pages\/2431\/revisions"}],"wp:attachment":[{"href":"https:\/\/www.mallorcaperegrina.com\/es\/wp-json\/wp\/v2\/media?parent=2431"}],"curies":[{"name":"wp","href":"https:\/\/api.w.org\/{rel}","templated":true}]}}