{"id":2445,"date":"2024-10-09T18:24:59","date_gmt":"2024-10-09T16:24:59","guid":{"rendered":"https:\/\/www.mallorcaperegrina.com\/politica-de-privacidad\/"},"modified":"2025-02-19T13:17:45","modified_gmt":"2025-02-19T12:17:45","slug":"politica-de-privacidad","status":"publish","type":"page","link":"https:\/\/www.mallorcaperegrina.com\/es\/politica-de-privacidad\/","title":{"rendered":"Pol\u00edtica de privacidad"},"content":{"rendered":"\t\t<div data-elementor-type=\"wp-page\" data-elementor-id=\"2445\" class=\"elementor elementor-2445 elementor-2438\" data-elementor-post-type=\"page\">\n\t\t\t\t\t\t<section class=\"elementor-section elementor-top-section elementor-element elementor-element-f61d7c9 elementor-section-boxed elementor-section-height-default elementor-section-height-default\" data-id=\"f61d7c9\" data-element_type=\"section\" data-e-type=\"section\" data-settings=\"{&quot;background_background&quot;:&quot;classic&quot;,&quot;shape_divider_bottom&quot;:&quot;curve&quot;,&quot;shape_divider_bottom_negative&quot;:&quot;yes&quot;,&quot;jet_parallax_layout_list&quot;:[]}\">\n\t\t\t\t\t\t\t<div class=\"elementor-background-overlay\"><\/div>\n\t\t\t\t\t\t<div class=\"elementor-shape elementor-shape-bottom\" aria-hidden=\"true\" data-negative=\"true\">\n\t\t\t<svg xmlns=\"http:\/\/www.w3.org\/2000\/svg\" viewBox=\"0 0 1000 100\" preserveAspectRatio=\"none\">\n\t<path class=\"elementor-shape-fill\" d=\"M500,97C126.7,96.3,0.8,19.8,0,0v100l1000,0V1C1000,19.4,873.3,97.8,500,97z\"\/>\n<\/svg>\t\t<\/div>\n\t\t\t\t\t<div class=\"elementor-container elementor-column-gap-default\">\n\t\t\t\t\t<div class=\"elementor-column elementor-col-100 elementor-top-column elementor-element elementor-element-9a1b3c0\" data-id=\"9a1b3c0\" data-element_type=\"column\" data-e-type=\"column\">\n\t\t\t<div class=\"elementor-widget-wrap elementor-element-populated\">\n\t\t\t\t\t\t<div class=\"elementor-element elementor-element-0af42ec elementor-invisible elementor-widget elementor-widget-heading\" data-id=\"0af42ec\" data-element_type=\"widget\" data-e-type=\"widget\" data-settings=\"{&quot;_animation&quot;:&quot;fadeInUp&quot;}\" data-widget_type=\"heading.default\">\n\t\t\t\t<div class=\"elementor-widget-container\">\n\t\t\t\t\t<h1 class=\"elementor-heading-title elementor-size-default\">Pol\u00edtica de privacidad<\/h1>\t\t\t\t<\/div>\n\t\t\t\t<\/div>\n\t\t\t\t\t<\/div>\n\t\t<\/div>\n\t\t\t\t\t<\/div>\n\t\t<\/section>\n\t\t<div class=\"elementor-element elementor-element-72a177c e-flex e-con-boxed e-con e-parent\" data-id=\"72a177c\" data-element_type=\"container\" data-e-type=\"container\" data-settings=\"{&quot;jet_parallax_layout_list&quot;:[]}\">\n\t\t\t\t\t<div class=\"e-con-inner\">\n\t\t\t\t<div class=\"elementor-element elementor-element-3a8707a elementor-widget elementor-widget-text-editor\" data-id=\"3a8707a\" data-element_type=\"widget\" data-e-type=\"widget\" data-widget_type=\"text-editor.default\">\n\t\t\t\t<div class=\"elementor-widget-container\">\n\t\t\t\t\t\t\t\t\t<h4>INTRODUCCI\u00d3N<\/h4>\n<p>Su privacidad es importante para nosotros. Mediante este documento, os explicamos qu\u00e9 datos recogemos de los usuarios, c\u00f3mo los utilizamos y para qu\u00e9, entre otras indicaciones. <\/p>\n<p>Nunca pediremos m\u00e1s informaci\u00f3n de la que realmente necesitaremos para los servicios requeridos; nunca compartiremos sus datos con terceros, excepto por obligaci\u00f3n legal o con su autorizaci\u00f3n previa; y nunca utilizaremos sus datos para otra finalidad no indicada previamente.<\/p>\n<p>Como usuarios, deber\u00e1n leer atentamente esta Pol\u00edtica de Privacidad de manera regular y siempre que introduzcan sus datos personales, ya que este documento puede sufrir modificaciones. El prestador se reserva el derecho a modificar cualquier tipo de informaci\u00f3n que pueda aparecer en la web para cumplir con la normativa o actualizar la pol\u00edtica, sin la obligaci\u00f3n de preavisar a los usuarios, siendo suficiente la publicaci\u00f3n en el sitio web del prestador. <\/p>\n<h4>RESPONSABLE DEL TRATAMIENTO<\/h4>\n<p><strong>Identidad:<\/strong> Lucus Gesti\u00f3n de Espacios y Natural, S.L. (tambi\u00e9n el prestador)<br \/><strong>NIF:<\/strong> B57730236<br \/><strong>Direcci\u00f3n postal:<\/strong> Plaza de los Peregrinos, 20, 07315 Escorca (Islas Baleares), Espa\u00f1a<br \/><strong>Correo electr\u00f3nico:<\/strong> <a rel=\"noopener\">erepbalears@gmail.com<\/a><br \/><strong>Tel\u00e9fono:<\/strong> +34 696 991 066<\/p>\n<p>Lucus Gesti\u00f3n de Espacios y Natural, S.L., como responsable del sitio web, de conformidad con lo dispuesto en el Reglamento (UE) 2016\/679 de 27 de abril de 2016 (RGPD) relativo a la protecci\u00f3n de las personas f\u00edsicas en cuanto al tratamiento de datos personales y a la libre circulaci\u00f3n de estos datos, as\u00ed como el resto de normativa vigente en materia de protecci\u00f3n de datos personales, informa que ha implementado las medidas de seguridad necesarias, de \u00edndole t\u00e9cnica y organizativas, para garantizar y proteger la confidencialidad, integridad y disponibilidad de los datos introducidos.<\/p>\n<h4>M\u00c9TODO DE OBTENCI\u00d3N DE LOS DATOS Y DATOS QUE RECABAMOS<\/h4>\n<p>Los datos que recogemos y la manera en que los obtenemos es la siguiente:<\/p>\n<ul>\n<li><strong>Mediante el formulario de contacto:<\/strong> nombre, email, tel\u00e9fono.<\/li>\n<li><strong>Mediante el formulario de registro:<\/strong> nombre, email.<\/li>\n<li><strong>Mediante el formulario de suscripci\u00f3n a la newsletter:<\/strong> nombre, email.<\/li>\n<li><strong>Mediante los comentarios en el blog:<\/strong> nombre, email.<\/li>\n<li><strong>Mediante el formulario de recogida de datos para el ecommerce:<\/strong> nombre, direcci\u00f3n, email, tel\u00e9fono, datos bancarios o informaci\u00f3n sobre una tarjeta de cr\u00e9dito o de d\u00e9bito.<\/li>\n<li><strong>Mediante WhatsApp:<\/strong> tel\u00e9fono, nombre y apellidos.<\/li>\n<\/ul>\n<p>No se tratan categor\u00edas de datos especialmente protegidos.<\/p>\n<h4>FINALIDAD DEL TRATAMIENTO<\/h4>\n<p>Sus datos personales s\u00f3lo se utilizar\u00e1n para las siguientes finalidades, prestando su consentimiento para cada una de las finalidades en el apartado correspondiente de la web:<\/p>\n<ul>\n<li><strong>Formulario de contacto:<\/strong> para responder a las consultas y\/o proporcionar la informaci\u00f3n requerida por el usuario.<\/li>\n<li><strong>Formulario de registro:<\/strong> para la creaci\u00f3n de una cuenta de usuario y acceder a las funcionalidades de la web.<\/li>\n<li><strong>Formulario de suscripci\u00f3n a la newsletter:<\/strong> para remitir comunicaciones comerciales publicitarias por email, SMS, redes sociales o cualquier otro medio electr\u00f3nico o f\u00edsico, en caso de que el usuario lo haya consentido expresamente.<\/li>\n<li><strong>Comentarios en el blog:<\/strong> el usuario podr\u00e1 comentar dentro del blog, tanto para plantear cuestiones como para responder preguntas.<\/li>\n<li><strong>Compra de productos\/servicios:<\/strong> para la gesti\u00f3n administrativa de la compra, incluyendo datos de contacto e informaci\u00f3n de pago.<\/li>\n<li><strong>WhatsApp:<\/strong> para administrar correctamente el grupo de formaci\u00f3n a trav\u00e9s de WhatsApp y para cualquier otra finalidad de gesti\u00f3n administrativa del servicio.<\/li>\n<\/ul>\n<p><strong>Otras finalidades:<\/strong><\/p>\n<ul>\n<li>Realizar gestiones comerciales, administrativas, fiscales y contables necesarias de acuerdo con la legislaci\u00f3n vigente.<\/li>\n<li>Conocer su opini\u00f3n y mejorar los servicios prestados por la web.<\/li>\n<li>Realizar an\u00e1lisis de usabilidad de la web, a trav\u00e9s de las cookies (mencionadas en la pol\u00edtica de cookies).<\/li>\n<\/ul>\n<p><strong>Redes sociales:<\/strong> En el apartado correspondiente se especifica el uso de las redes sociales.<\/p>\n<p><strong>Fotograf\u00edas:<\/strong> Las fotograf\u00edas colgadas en la web son propiedad de Lucus Gesti\u00f3n de Espacios y Natural, S.L., incluyendo las de los menores, para las que se ha obtenido el consentimiento previo de los padres, tutores o representantes legales.<\/p>\n<p>El usuario puede revocar en cualquier momento su consentimiento enviando un correo con el asunto \u00abBaja\u00bb al email indicado anteriormente.<\/p>\n<p>De acuerdo con la LSSICE, Lucus Gesti\u00f3n de Espacios y Natural, S.L. no realiza pr\u00e1cticas de SPAM; por lo tanto, no enviar\u00e1 correos comerciales no solicitados. En todas las comunicaciones que reciba del prestador, el usuario puede cancelar su consentimiento para recibir nuestras comunicaciones. <\/p>\n<p>No trataremos sus datos personales para ninguna otra finalidad de los descritos excepto por obligaci\u00f3n legal o requerimiento judicial.<\/p>\n<p>No ser\u00e1 objeto de decisiones basadas en tratamientos automatizados que produzcan efectos sobre sus datos.<\/p>\n<h4>LEGITIMACI\u00d3N DEL TRATAMIENTO<\/h4>\n<p>La base legal para el tratamiento de los datos es su consentimiento otorgado en el momento de facilitar sus datos en el formulario correspondiente para llevar a cabo las finalidades descritas. El no facilitar los datos personales solicitados o el no aceptar la presente pol\u00edtica de privacidad imposibilitar\u00e1 el logro de las finalidades descritas. <\/p>\n<p>En los casos en que exista una relaci\u00f3n contractual previa entre las partes, la legitimaci\u00f3n para el desarrollo de las obligaciones administrativas, fiscales y contables ser\u00e1 la existencia previa de la relaci\u00f3n comercial.<\/p>\n<p>La oferta prospectiva o comercial de productos y servicios est\u00e1 basada en el consentimiento solicitado, sin que en ning\u00fan caso la retirada de este consentimiento condicione la ejecuci\u00f3n del contrato de suscripci\u00f3n.<\/p>\n<h4>PLAZO DE CONSERVACI\u00d3N DE LOS DATOS<\/h4>\n<p>Sus datos se conservar\u00e1n mientras dure la relaci\u00f3n comercial con nosotros o ejerza su derecho de cancelaci\u00f3n, oposici\u00f3n o limitaci\u00f3n al tratamiento. Sin embargo, conservaremos sus datos en los plazos legalmente previstos en las disposiciones aplicables. <\/p>\n<h4>DESTINATARIOS DE CESIONES O TRANSFERENCIAS<\/h4>\n<p>Lucus Gesti\u00f3n de Espacios y Natural, S.L. \u00fanicamente facilitar\u00e1 informaci\u00f3n a las fuerzas y cuerpos de seguridad bajo orden judicial o por obligaci\u00f3n de una norma legal, as\u00ed como bloquear o cancelar su cuenta si hay indicios de la comisi\u00f3n de alg\u00fan delito por parte del usuario. La informaci\u00f3n facilitada ser\u00e1 s\u00f3lo la que disponga en aquel momento el prestador. <\/p>\n<p>La informaci\u00f3n que usted nos proporcione ser\u00e1 alojada en los servidores de Lucus Gesti\u00f3n de Espacios y Natural, S.L., contratados en la empresa CUBENODE OPG, S.L., con NIF B19578707.<\/p>\n<p>Asimismo, utilizamos determinadas herramientas para prestar servicios necesarios para el desarrollo de la actividad, que pueden almacenar sus datos:<\/p>\n<ul>\n<li><strong>Google Analytics:<\/strong> para realizar an\u00e1lisis y m\u00e9tricas del uso que hacen los usuarios de la web a trav\u00e9s de cookies.<\/li>\n<li><strong>Email Marketing:<\/strong> servicio de marketing a trav\u00e9s de KAJABI, LLC.<\/li>\n<li><strong>Gesti\u00f3n de citas online:<\/strong> CALENDLY, LLC.<\/li>\n<\/ul>\n<h4>DERECHOS DE LAS PERSONAS INTERESADAS<\/h4>\n<p>Como usuario-interesado, puede solicitar el ejercicio de los siguientes derechos ante Lucus Gesti\u00f3n de Espacios y Natural, S.L., presentando un escrito a la direcci\u00f3n postal del encabezamiento o enviando un correo electr\u00f3nico a <a rel=\"noopener\">erepbalears@gmail.com<\/a>, indicando como Asunto: \u00abPROTECCI\u00d3N DE DATOS: DERECHOS DE LOS AFECTADOS\u00bb.<\/p>\n<p><strong>Derechos:<\/strong><\/p>\n<ul>\n<li><strong>Derecho de acceso:<\/strong> conocimiento y obtenci\u00f3n de informaci\u00f3n sobre sus datos de car\u00e1cter personal.<\/li>\n<li><strong>Derecho de rectificaci\u00f3n:<\/strong> correcci\u00f3n de errores y modificaci\u00f3n de los datos que sean inexactos o incompletos.<\/li>\n<li><strong>Derecho de supresi\u00f3n:<\/strong> posibilidad de suprimir datos inadecuadas o excesivos.<\/li>\n<li><strong>Derecho de oposici\u00f3n:<\/strong> derecho a que no se lleve a cabo el tratamiento de sus datos personales o se cese en el mismo.<\/li>\n<li><strong>Limitaci\u00f3n del tratamiento:<\/strong> comporta el marcado de los datos personales conservados, para limitar su futuro tratamiento.<\/li>\n<li><strong>Portabilidad de los datos:<\/strong> facilitaci\u00f3n de los datos objeto de tratamiento con el fin de transmitirlos a otro responsable, sin impedimentos.<\/li>\n<li><strong>Derecho a no ser objeto de decisiones individuales automatizadas:<\/strong> derecho a no ser objeto de una decisi\u00f3n basada en el tratamiento automatizado que produzca efectos significativos.<\/li>\n<\/ul>\n<p>El usuario tiene derecho a retirar el consentimiento en cualquier momento. La retirada del consentimiento no afectar\u00e1 a la licitud del tratamiento efectuado antes de la retirada. <\/p>\n<p>Tambi\u00e9n tiene derecho a presentar una reclamaci\u00f3n ante la autoridad de control si considera que pueden haberse vulnerado sus derechos en relaci\u00f3n con la protecci\u00f3n de datos (aepd.es).<\/p>\n<h4>INFORMACI\u00d3N ADICIONAL<\/h4>\n<p><strong>MEDIDAS DE SEGURIDAD:<\/strong><br \/>Los datos que nos facilite se tratar\u00e1n de forma confidencial. El prestador ha adoptado todas las medidas t\u00e9cnicas y organizativas necesarias para garantizar la seguridad en el tratamiento de los datos y evitar su alteraci\u00f3n, p\u00e9rdida, robo, tratamiento o acceso no autorizado. <\/p>\n<p><strong>IDIOMA:<\/strong><br \/>El idioma aplicable a esta pol\u00edtica de privacidad es el catal\u00e1n. En caso de que haya alguna contradicci\u00f3n en alguna de las versiones facilitadas en otros idiomas, prevalecer\u00e1 la versi\u00f3n en catal\u00e1n. <\/p>\n<p><strong>REDES SOCIALES:<\/strong><br \/>Lucus Gesti\u00f3n de Espacios y Natural, S.L. puede tener presencia en redes sociales. El tratamiento de los datos de las personas que sean seguidoras en las redes sociales se regir\u00e1 por este apartado, as\u00ed como por las condiciones de uso, pol\u00edticas de privacidad y normativas de acceso de la red social que proceda. <\/p>\n<p>Lucus Gesti\u00f3n de Espacios y Natural, S.L. tratar\u00e1 sus datos con la finalidad de administrar correctamente su presencia en la red social, informando de actividades, productos o servicios del prestador.<\/p>\n<p>Queda prohibida la publicaci\u00f3n de contenidos que sean presuntamente il\u00edcitos, atenten contra los derechos fundamentales de las personas, falten a la cortes\u00eda dentro de la red, generen opiniones negativas o contravengan los principios de legalidad, honradez y responsabilidad.<\/p>\n<p><strong>PARTICIPACI\u00d3N EN EL BLOG:<\/strong><br \/>Si el usuario quiere participar en el blog de la web, los datos aportados ser\u00e1n tratados para regular la participaci\u00f3n. Los datos se conservar\u00e1n mientras haya un inter\u00e9s mutuo y se suprimir\u00e1n con medidas de seguridad adecuadas. Lucus Gesti\u00f3n de Espacios y Natural, S.L. no se hace responsable de los contenidos publicados en el blog por cualquier usuario.  <\/p>\n<p><strong>PUBLICACI\u00d3N DE SU TESTIMONIO:<\/strong><br \/>Si el usuario quiere publicar su opini\u00f3n en la web, los datos aportados ser\u00e1n tratados para atender las opiniones sobre los servicios para ser publicados. El \u00fanico dato personal que se publicar\u00e1 ser\u00e1 su nombre. <\/p>\n<h4>CAMBIOS EN LA PRESENTE POL\u00cdTICA DE PRIVACIDAD<\/h4>\n<p>Lucus Gesti\u00f3 d&#8217;Espais i Natural, S.L. se reserva el derecho a modificar la presente pol\u00edtica para adaptarla a novedades legislativas o jurisprudenciales.<\/p>\n<h4>REVOCABILIDAD<\/h4>\n<p>El consentimiento prestado es revocable en cualquier momento comunic\u00e1ndolo a Lucus Gesti\u00f3n de Espacios y Natural, S.L. en los t\u00e9rminos establecidos en esta pol\u00edtica.<\/p>\n<h4>LEGISLACI\u00d3N<\/h4>\n<p>Con car\u00e1cter general, las relaciones entre Lucus Gesti\u00f3n de Espacios y Natural, S.L. con los usuarios de sus servicios telem\u00e1ticos, presentes en esta web, est\u00e1n sometidas a la legislaci\u00f3n y jurisdicci\u00f3n espa\u00f1ola. Los Juzgados y Tribunales del domicilio del usuario ser\u00e1n competentes para la resoluci\u00f3n de todos los conflictos derivados del uso de este sitio web. <\/p>\n\t\t\t\t\t\t\t\t<\/div>\n\t\t\t\t<\/div>\n\t\t\t\t\t<\/div>\n\t\t\t\t<\/div>\n\t\t\t\t<\/div>\n\t\t","protected":false},"excerpt":{"rendered":"<p>INTRODUCCI\u00d3N Su privacidad es importante para nosotros. Mediante este documento, os explicamos qu\u00e9 datos recogemos de los usuarios, c\u00f3mo los utilizamos y para qu\u00e9, entre otras indicaciones. Nunca pediremos m\u00e1s informaci\u00f3n de la que realmente necesitaremos para los servicios requeridos; nunca compartiremos sus datos con terceros, excepto por obligaci\u00f3n legal o con su autorizaci\u00f3n previa; [&hellip;]<\/p>\n","protected":false},"author":1,"featured_media":0,"parent":0,"menu_order":0,"comment_status":"closed","ping_status":"closed","template":"","meta":{"footnotes":""},"class_list":["post-2445","page","type-page","status-publish","hentry"],"yoast_head":"<!-- This site is optimized with the Yoast SEO plugin v27.3 - https:\/\/yoast.com\/product\/yoast-seo-wordpress\/ -->\n<title>Pol\u00edtica de Privacidad - Mallorca Peregrina<\/title>\n<meta name=\"description\" content=\"Consulta nuestra pol\u00edtica de privacidad para entender c\u00f3mo recogemos, utilizamos y protegemos tus datos personales en Mallorca Peregrina.\" \/>\n<meta name=\"robots\" content=\"index, follow, max-snippet:-1, max-image-preview:large, max-video-preview:-1\" \/>\n<link rel=\"canonical\" href=\"https:\/\/www.mallorcaperegrina.com\/es\/politica-de-privacidad\/\" \/>\n<meta property=\"og:locale\" content=\"es_ES\" \/>\n<meta property=\"og:type\" content=\"article\" \/>\n<meta property=\"og:title\" content=\"Pol\u00edtica de Privacidad - Mallorca Peregrina\" \/>\n<meta property=\"og:description\" content=\"Consulta nuestra pol\u00edtica de privacidad para entender c\u00f3mo recogemos, utilizamos y protegemos tus datos personales en Mallorca Peregrina.\" \/>\n<meta property=\"og:url\" content=\"https:\/\/www.mallorcaperegrina.com\/es\/politica-de-privacidad\/\" \/>\n<meta property=\"og:site_name\" content=\"Mallorca Peregrina\" \/>\n<meta property=\"article:modified_time\" content=\"2025-02-19T12:17:45+00:00\" \/>\n<meta property=\"og:image\" content=\"https:\/\/www.mallorcaperegrina.com\/wp-content\/uploads\/2024\/10\/mallorca-2900536_1600.jpg\" \/>\n\t<meta property=\"og:image:width\" content=\"2400\" \/>\n\t<meta property=\"og:image:height\" content=\"1600\" \/>\n\t<meta property=\"og:image:type\" content=\"image\/jpeg\" \/>\n<meta name=\"twitter:card\" content=\"summary_large_image\" \/>\n<script type=\"application\/ld+json\" class=\"yoast-schema-graph\">{\"@context\":\"https:\\\/\\\/schema.org\",\"@graph\":[{\"@type\":\"WebPage\",\"@id\":\"https:\\\/\\\/www.mallorcaperegrina.com\\\/es\\\/politica-de-privacidad\\\/\",\"url\":\"https:\\\/\\\/www.mallorcaperegrina.com\\\/es\\\/politica-de-privacidad\\\/\",\"name\":\"Pol\u00edtica de Privacidad - Mallorca Peregrina\",\"isPartOf\":{\"@id\":\"https:\\\/\\\/www.mallorcaperegrina.com\\\/es\\\/#website\"},\"datePublished\":\"2024-10-09T16:24:59+00:00\",\"dateModified\":\"2025-02-19T12:17:45+00:00\",\"description\":\"Consulta nuestra pol\u00edtica de privacidad para entender c\u00f3mo recogemos, utilizamos y protegemos tus datos personales en Mallorca Peregrina.\",\"breadcrumb\":{\"@id\":\"https:\\\/\\\/www.mallorcaperegrina.com\\\/es\\\/politica-de-privacidad\\\/#breadcrumb\"},\"inLanguage\":\"es\",\"potentialAction\":[{\"@type\":\"ReadAction\",\"target\":[\"https:\\\/\\\/www.mallorcaperegrina.com\\\/es\\\/politica-de-privacidad\\\/\"]}]},{\"@type\":\"BreadcrumbList\",\"@id\":\"https:\\\/\\\/www.mallorcaperegrina.com\\\/es\\\/politica-de-privacidad\\\/#breadcrumb\",\"itemListElement\":[{\"@type\":\"ListItem\",\"position\":1,\"name\":\"Home\",\"item\":\"https:\\\/\\\/www.mallorcaperegrina.com\\\/es\\\/inicio\\\/\"},{\"@type\":\"ListItem\",\"position\":2,\"name\":\"Pol\u00edtica de privacidad\"}]},{\"@type\":\"WebSite\",\"@id\":\"https:\\\/\\\/www.mallorcaperegrina.com\\\/es\\\/#website\",\"url\":\"https:\\\/\\\/www.mallorcaperegrina.com\\\/es\\\/\",\"name\":\"Mallorca Peregrina\",\"description\":\"Peregrinant per Mallorca\",\"publisher\":{\"@id\":\"https:\\\/\\\/www.mallorcaperegrina.com\\\/es\\\/#organization\"},\"alternateName\":\"Mallorca Peregrina\",\"potentialAction\":[{\"@type\":\"SearchAction\",\"target\":{\"@type\":\"EntryPoint\",\"urlTemplate\":\"https:\\\/\\\/www.mallorcaperegrina.com\\\/es\\\/?s={search_term_string}\"},\"query-input\":{\"@type\":\"PropertyValueSpecification\",\"valueRequired\":true,\"valueName\":\"search_term_string\"}}],\"inLanguage\":\"es\"},{\"@type\":\"Organization\",\"@id\":\"https:\\\/\\\/www.mallorcaperegrina.com\\\/es\\\/#organization\",\"name\":\"Mallorca Peregrina\",\"alternateName\":\"Mallorca Peregrina\",\"url\":\"https:\\\/\\\/www.mallorcaperegrina.com\\\/es\\\/\",\"logo\":{\"@type\":\"ImageObject\",\"inLanguage\":\"es\",\"@id\":\"https:\\\/\\\/www.mallorcaperegrina.com\\\/es\\\/#\\\/schema\\\/logo\\\/image\\\/\",\"url\":\"https:\\\/\\\/www.mallorcaperegrina.com\\\/wp-content\\\/uploads\\\/2024\\\/10\\\/favicon-mallorcaperegrina.png\",\"contentUrl\":\"https:\\\/\\\/www.mallorcaperegrina.com\\\/wp-content\\\/uploads\\\/2024\\\/10\\\/favicon-mallorcaperegrina.png\",\"width\":1600,\"height\":1600,\"caption\":\"Mallorca Peregrina\"},\"image\":{\"@id\":\"https:\\\/\\\/www.mallorcaperegrina.com\\\/es\\\/#\\\/schema\\\/logo\\\/image\\\/\"}}]}<\/script>\n<!-- \/ Yoast SEO plugin. -->","yoast_head_json":{"title":"Pol\u00edtica de Privacidad - Mallorca Peregrina","description":"Consulta nuestra pol\u00edtica de privacidad para entender c\u00f3mo recogemos, utilizamos y protegemos tus datos personales en Mallorca Peregrina.","robots":{"index":"index","follow":"follow","max-snippet":"max-snippet:-1","max-image-preview":"max-image-preview:large","max-video-preview":"max-video-preview:-1"},"canonical":"https:\/\/www.mallorcaperegrina.com\/es\/politica-de-privacidad\/","og_locale":"es_ES","og_type":"article","og_title":"Pol\u00edtica de Privacidad - Mallorca Peregrina","og_description":"Consulta nuestra pol\u00edtica de privacidad para entender c\u00f3mo recogemos, utilizamos y protegemos tus datos personales en Mallorca Peregrina.","og_url":"https:\/\/www.mallorcaperegrina.com\/es\/politica-de-privacidad\/","og_site_name":"Mallorca Peregrina","article_modified_time":"2025-02-19T12:17:45+00:00","og_image":[{"width":2400,"height":1600,"url":"https:\/\/www.mallorcaperegrina.com\/wp-content\/uploads\/2024\/10\/mallorca-2900536_1600.jpg","type":"image\/jpeg"}],"twitter_card":"summary_large_image","schema":{"@context":"https:\/\/schema.org","@graph":[{"@type":"WebPage","@id":"https:\/\/www.mallorcaperegrina.com\/es\/politica-de-privacidad\/","url":"https:\/\/www.mallorcaperegrina.com\/es\/politica-de-privacidad\/","name":"Pol\u00edtica de Privacidad - Mallorca Peregrina","isPartOf":{"@id":"https:\/\/www.mallorcaperegrina.com\/es\/#website"},"datePublished":"2024-10-09T16:24:59+00:00","dateModified":"2025-02-19T12:17:45+00:00","description":"Consulta nuestra pol\u00edtica de privacidad para entender c\u00f3mo recogemos, utilizamos y protegemos tus datos personales en Mallorca Peregrina.","breadcrumb":{"@id":"https:\/\/www.mallorcaperegrina.com\/es\/politica-de-privacidad\/#breadcrumb"},"inLanguage":"es","potentialAction":[{"@type":"ReadAction","target":["https:\/\/www.mallorcaperegrina.com\/es\/politica-de-privacidad\/"]}]},{"@type":"BreadcrumbList","@id":"https:\/\/www.mallorcaperegrina.com\/es\/politica-de-privacidad\/#breadcrumb","itemListElement":[{"@type":"ListItem","position":1,"name":"Home","item":"https:\/\/www.mallorcaperegrina.com\/es\/inicio\/"},{"@type":"ListItem","position":2,"name":"Pol\u00edtica de privacidad"}]},{"@type":"WebSite","@id":"https:\/\/www.mallorcaperegrina.com\/es\/#website","url":"https:\/\/www.mallorcaperegrina.com\/es\/","name":"Mallorca Peregrina","description":"Peregrinant per Mallorca","publisher":{"@id":"https:\/\/www.mallorcaperegrina.com\/es\/#organization"},"alternateName":"Mallorca Peregrina","potentialAction":[{"@type":"SearchAction","target":{"@type":"EntryPoint","urlTemplate":"https:\/\/www.mallorcaperegrina.com\/es\/?s={search_term_string}"},"query-input":{"@type":"PropertyValueSpecification","valueRequired":true,"valueName":"search_term_string"}}],"inLanguage":"es"},{"@type":"Organization","@id":"https:\/\/www.mallorcaperegrina.com\/es\/#organization","name":"Mallorca Peregrina","alternateName":"Mallorca Peregrina","url":"https:\/\/www.mallorcaperegrina.com\/es\/","logo":{"@type":"ImageObject","inLanguage":"es","@id":"https:\/\/www.mallorcaperegrina.com\/es\/#\/schema\/logo\/image\/","url":"https:\/\/www.mallorcaperegrina.com\/wp-content\/uploads\/2024\/10\/favicon-mallorcaperegrina.png","contentUrl":"https:\/\/www.mallorcaperegrina.com\/wp-content\/uploads\/2024\/10\/favicon-mallorcaperegrina.png","width":1600,"height":1600,"caption":"Mallorca Peregrina"},"image":{"@id":"https:\/\/www.mallorcaperegrina.com\/es\/#\/schema\/logo\/image\/"}}]}},"_links":{"self":[{"href":"https:\/\/www.mallorcaperegrina.com\/es\/wp-json\/wp\/v2\/pages\/2445","targetHints":{"allow":["GET"]}}],"collection":[{"href":"https:\/\/www.mallorcaperegrina.com\/es\/wp-json\/wp\/v2\/pages"}],"about":[{"href":"https:\/\/www.mallorcaperegrina.com\/es\/wp-json\/wp\/v2\/types\/page"}],"author":[{"embeddable":true,"href":"https:\/\/www.mallorcaperegrina.com\/es\/wp-json\/wp\/v2\/users\/1"}],"replies":[{"embeddable":true,"href":"https:\/\/www.mallorcaperegrina.com\/es\/wp-json\/wp\/v2\/comments?post=2445"}],"version-history":[{"count":0,"href":"https:\/\/www.mallorcaperegrina.com\/es\/wp-json\/wp\/v2\/pages\/2445\/revisions"}],"wp:attachment":[{"href":"https:\/\/www.mallorcaperegrina.com\/es\/wp-json\/wp\/v2\/media?parent=2445"}],"curies":[{"name":"wp","href":"https:\/\/api.w.org\/{rel}","templated":true}]}}